{"id":215,"date":"2023-06-05T16:44:37","date_gmt":"2023-06-05T14:44:37","guid":{"rendered":"http:\/\/xn--lartducheminintrieur-p2b.com\/?page_id=215"},"modified":"2023-06-06T23:13:57","modified_gmt":"2023-06-06T21:13:57","slug":"poemes","status":"publish","type":"page","link":"https:\/\/xn--lartducheminintrieur-p2b.com\/index.php\/poemes\/","title":{"rendered":"Po\u00e8mes"},"content":{"rendered":"\n<p class=\"has-text-align-left\"><strong _msttexthash=\"10042539\" _msthash=\"126\">Cr\u00e9ations ant\u00e9rieures, partage d\u2019aujourd\u2019hui:<\/strong><\/p>\n\n\n\n<p class=\"has-text-align-left\">Voici quelques brefs po\u00e8mes ou extraits de po\u00e8mes du recueil <em><strong>Temps de Regard<\/strong><\/em> d&#8217;Evelyne paru en 2010. D\u00e9j\u00e0 ! Le temps ordinaire passe, l&#8217;essentiel se trouve comme \u00e0 la verticale de l&#8217;\u00eatre, atemporel.                                                                                                                                                                                                                                                                         <\/p>\n\n\n\n<p class=\"has-text-align-left\">D\u00e9j\u00e0 le th\u00e8me du regard, que les photographies de Virginie ont permis de red\u00e9ployer dans notre co-cr\u00e9ation de 2022.<\/p>\n\n\n\n<p class=\"has-text-align-left\"> J\u2019ai s\u00e9lectionn\u00e9 des textes qui parlent aussi de po\u00e9sie :<\/p>\n\n\n\n<pre class=\"wp-block-verse\"><strong>\" parfois oublier son regard                                                                                                                                                                                                                                                                                                                                                                                         dans le rien                                                                                        r\u00e9el converti <\/strong><\/pre>\n\n\n\n<pre class=\"wp-block-verse\"><strong>po\u00e9sie  <\/strong>\"                                                        <em>(p. 27, sans titre)<\/em><\/pre>\n\n\n\n<pre class=\"wp-block-verse\"><strong>\" po\u00e9sie                                                                                                pour t'accoucher                                                                                                      voir de travers \"<\/strong>                      <em> (extrait de la p. 39, Regard de chat)<\/em><\/pre>\n\n\n\n<pre class=\"wp-block-verse\"><strong>\" ne pas forcer la rime                                                                       laisser langue sauvage                                                                         surgir du fin fond de la nuit                                                                                   savante \"                                   <\/strong><em>(extrait de la p. 61, sans titre)<\/em><\/pre>\n\n\n\n<pre class=\"wp-block-verse\"><strong>\" cr\u00e9er                                                                                              aimer                                                                                                     d\u00e9sir o\u00f9 est la source ?\n\njusqu'o\u00f9 remonter l'unique d'un regard ? \"<\/strong>                                                     \n\n<em>(extrait de la p.79, Regard \u00e0 histoire<\/em>)<\/pre>\n\n\n\n<p><font _mstmutation=\"1\"><\/font><\/p>\n\n\n\n<p><font _mstmutation=\"1\"><\/font><\/p>\n","protected":false},"excerpt":{"rendered":"<p>Cr\u00e9ations ant\u00e9rieures, partage d\u2019aujourd\u2019hui: Voici quelques brefs po\u00e8mes ou extraits de po\u00e8mes du recueil Temps de Regard d&#8217;Evelyne paru en 2010. D\u00e9j\u00e0 ! Le temps ordinaire passe, l&#8217;essentiel se trouve comme \u00e0 la verticale de l&#8217;\u00eatre, atemporel. D\u00e9j\u00e0 le th\u00e8me du regard, que les photographies de Virginie ont permis de red\u00e9ployer dans notre co-cr\u00e9ation de&hellip; <a class=\"more-link\" href=\"https:\/\/xn--lartducheminintrieur-p2b.com\/index.php\/poemes\/\">Continue reading <span class=\"screen-reader-text\">Po\u00e8mes<\/span><\/a><\/p>\n","protected":false},"author":1,"featured_media":0,"parent":0,"menu_order":0,"comment_status":"closed","ping_status":"closed","template":"","meta":{"footnotes":""},"class_list":["post-215","page","type-page","status-publish","hentry","entry"],"_links":{"self":[{"href":"https:\/\/xn--lartducheminintrieur-p2b.com\/index.php\/wp-json\/wp\/v2\/pages\/215","targetHints":{"allow":["GET"]}}],"collection":[{"href":"https:\/\/xn--lartducheminintrieur-p2b.com\/index.php\/wp-json\/wp\/v2\/pages"}],"about":[{"href":"https:\/\/xn--lartducheminintrieur-p2b.com\/index.php\/wp-json\/wp\/v2\/types\/page"}],"author":[{"embeddable":true,"href":"https:\/\/xn--lartducheminintrieur-p2b.com\/index.php\/wp-json\/wp\/v2\/users\/1"}],"replies":[{"embeddable":true,"href":"https:\/\/xn--lartducheminintrieur-p2b.com\/index.php\/wp-json\/wp\/v2\/comments?post=215"}],"version-history":[{"count":6,"href":"https:\/\/xn--lartducheminintrieur-p2b.com\/index.php\/wp-json\/wp\/v2\/pages\/215\/revisions"}],"predecessor-version":[{"id":250,"href":"https:\/\/xn--lartducheminintrieur-p2b.com\/index.php\/wp-json\/wp\/v2\/pages\/215\/revisions\/250"}],"wp:attachment":[{"href":"https:\/\/xn--lartducheminintrieur-p2b.com\/index.php\/wp-json\/wp\/v2\/media?parent=215"}],"curies":[{"name":"wp","href":"https:\/\/api.w.org\/{rel}","templated":true}]}}