{"id":209,"date":"2023-06-05T16:38:33","date_gmt":"2023-06-05T14:38:33","guid":{"rendered":"http:\/\/xn--lartducheminintrieur-p2b.com\/?page_id=209"},"modified":"2023-06-08T22:17:17","modified_gmt":"2023-06-08T20:17:17","slug":"actu","status":"publish","type":"page","link":"https:\/\/xn--lartducheminintrieur-p2b.com\/index.php\/actu\/","title":{"rendered":"Actu"},"content":{"rendered":"\n<h2 class=\"wp-block-heading\">Expos \u00e0 venir :<\/h2>\n\n\n\n<h2 class=\"wp-block-heading\"><em _msttexthash=\"1045798\" _msthash=\"114\"> \u00ab&nbsp;Tisser le monde de regards et de mots&nbsp;\u00bb<\/em> <\/h2>\n\n\n\n<p>2 lieux d\u2019exposition :<\/p>\n\n\n\n<ul class=\"wp-block-list\">\n<li>Librairie Le mot de la faim \u00e0 Montreuil Juign\u00e9 :                           &#8211; Expo du 17 ao\u00fbt au 30 septembre 2023                                    &#8211; Pr\u00e9sence des artistes le vendredi 08 septembre \u00e0 partir de 19h : d\u00e9ambulation cr\u00e9ative, lectures et d\u00e9dicace du recueil<\/li>\n<\/ul>\n\n\n\n<ul class=\"wp-block-list\">\n<li>Expo champ\u00eatre \u00e0 Grez Neuville, dans le jardin de Marie-Claire et Didier, le dimanche 27 ao\u00fbt 2023 \u00e0 partir de 15h : fl\u00e2nerie cr\u00e9ative, lectures et d\u00e9dicace                                                                  Pour participer et conna\u00eetre les modalit\u00e9s concr\u00e8tes, prendre contact avec nous <font _mstmutation=\"1\"><\/font><\/li>\n<\/ul>\n\n\n\n<p><img decoding=\"async\" class=\"wp-image-240\" style=\"width: NaNpx;\" src=\"http:\/\/xn--lartducheminintrieur-p2b.com\/wp-content\/uploads\/2023\/06\/Flyer-Expo-champetre-Tisser-le-monde-de-regards-et-de-mots-2.pdf\" alt=\"\"><font _mstmutation=\"1\"><\/font><\/p>\n\n\n\n<figure class=\"wp-block-gallery has-nested-images columns-default is-cropped wp-block-gallery-1 is-layout-flex wp-block-gallery-is-layout-flex\">\n<figure class=\"wp-block-image size-large\"><img loading=\"lazy\" decoding=\"async\" width=\"726\" height=\"1024\" data-id=\"245\" src=\"http:\/\/xn--lartducheminintrieur-p2b.com\/wp-content\/uploads\/2023\/06\/Expo-champetre-flyer-1-726x1024.png\" alt=\"\" class=\"wp-image-245\" srcset=\"https:\/\/xn--lartducheminintrieur-p2b.com\/wp-content\/uploads\/2023\/06\/Expo-champetre-flyer-1-726x1024.png 726w, https:\/\/xn--lartducheminintrieur-p2b.com\/wp-content\/uploads\/2023\/06\/Expo-champetre-flyer-1-213x300.png 213w, https:\/\/xn--lartducheminintrieur-p2b.com\/wp-content\/uploads\/2023\/06\/Expo-champetre-flyer-1-768x1083.png 768w, https:\/\/xn--lartducheminintrieur-p2b.com\/wp-content\/uploads\/2023\/06\/Expo-champetre-flyer-1-1090x1536.png 1090w, https:\/\/xn--lartducheminintrieur-p2b.com\/wp-content\/uploads\/2023\/06\/Expo-champetre-flyer-1.png 1240w\" sizes=\"auto, (max-width: 726px) 100vw, 726px\" \/><\/figure>\n<\/figure>\n\n\n\n<figure class=\"wp-block-gallery has-nested-images columns-default is-cropped wp-block-gallery-2 is-layout-flex wp-block-gallery-is-layout-flex\">\n<figure class=\"wp-block-image size-large\"><img loading=\"lazy\" decoding=\"async\" width=\"726\" height=\"1024\" data-id=\"246\" src=\"http:\/\/xn--lartducheminintrieur-p2b.com\/wp-content\/uploads\/2023\/06\/Expo-champetre-flyer-2-726x1024.png\" alt=\"\" class=\"wp-image-246\" srcset=\"https:\/\/xn--lartducheminintrieur-p2b.com\/wp-content\/uploads\/2023\/06\/Expo-champetre-flyer-2-726x1024.png 726w, https:\/\/xn--lartducheminintrieur-p2b.com\/wp-content\/uploads\/2023\/06\/Expo-champetre-flyer-2-213x300.png 213w, https:\/\/xn--lartducheminintrieur-p2b.com\/wp-content\/uploads\/2023\/06\/Expo-champetre-flyer-2-768x1083.png 768w, https:\/\/xn--lartducheminintrieur-p2b.com\/wp-content\/uploads\/2023\/06\/Expo-champetre-flyer-2-1090x1536.png 1090w, https:\/\/xn--lartducheminintrieur-p2b.com\/wp-content\/uploads\/2023\/06\/Expo-champetre-flyer-2.png 1240w\" sizes=\"auto, (max-width: 726px) 100vw, 726px\" \/><\/figure>\n<\/figure>\n\n\n\n<figure class=\"wp-block-gallery has-nested-images columns-default is-cropped wp-block-gallery-3 is-layout-flex wp-block-gallery-is-layout-flex\">\n<figure class=\"wp-block-image size-large\"><img loading=\"lazy\" decoding=\"async\" width=\"726\" height=\"1024\" data-id=\"247\" src=\"http:\/\/xn--lartducheminintrieur-p2b.com\/wp-content\/uploads\/2023\/06\/Expo-champetre-flyer-3-726x1024.png\" alt=\"\" class=\"wp-image-247\" srcset=\"https:\/\/xn--lartducheminintrieur-p2b.com\/wp-content\/uploads\/2023\/06\/Expo-champetre-flyer-3-726x1024.png 726w, https:\/\/xn--lartducheminintrieur-p2b.com\/wp-content\/uploads\/2023\/06\/Expo-champetre-flyer-3-213x300.png 213w, https:\/\/xn--lartducheminintrieur-p2b.com\/wp-content\/uploads\/2023\/06\/Expo-champetre-flyer-3-768x1083.png 768w, https:\/\/xn--lartducheminintrieur-p2b.com\/wp-content\/uploads\/2023\/06\/Expo-champetre-flyer-3-1090x1536.png 1090w, https:\/\/xn--lartducheminintrieur-p2b.com\/wp-content\/uploads\/2023\/06\/Expo-champetre-flyer-3.png 1240w\" sizes=\"auto, (max-width: 726px) 100vw, 726px\" \/><\/figure>\n<\/figure>\n","protected":false},"excerpt":{"rendered":"<p>Expos \u00e0 venir : \u00ab&nbsp;Tisser le monde de regards et de mots&nbsp;\u00bb 2 lieux d\u2019exposition :<\/p>\n","protected":false},"author":1,"featured_media":0,"parent":0,"menu_order":0,"comment_status":"closed","ping_status":"closed","template":"","meta":{"footnotes":""},"class_list":["post-209","page","type-page","status-publish","hentry","entry"],"_links":{"self":[{"href":"https:\/\/xn--lartducheminintrieur-p2b.com\/index.php\/wp-json\/wp\/v2\/pages\/209","targetHints":{"allow":["GET"]}}],"collection":[{"href":"https:\/\/xn--lartducheminintrieur-p2b.com\/index.php\/wp-json\/wp\/v2\/pages"}],"about":[{"href":"https:\/\/xn--lartducheminintrieur-p2b.com\/index.php\/wp-json\/wp\/v2\/types\/page"}],"author":[{"embeddable":true,"href":"https:\/\/xn--lartducheminintrieur-p2b.com\/index.php\/wp-json\/wp\/v2\/users\/1"}],"replies":[{"embeddable":true,"href":"https:\/\/xn--lartducheminintrieur-p2b.com\/index.php\/wp-json\/wp\/v2\/comments?post=209"}],"version-history":[{"count":5,"href":"https:\/\/xn--lartducheminintrieur-p2b.com\/index.php\/wp-json\/wp\/v2\/pages\/209\/revisions"}],"predecessor-version":[{"id":260,"href":"https:\/\/xn--lartducheminintrieur-p2b.com\/index.php\/wp-json\/wp\/v2\/pages\/209\/revisions\/260"}],"wp:attachment":[{"href":"https:\/\/xn--lartducheminintrieur-p2b.com\/index.php\/wp-json\/wp\/v2\/media?parent=209"}],"curies":[{"name":"wp","href":"https:\/\/api.w.org\/{rel}","templated":true}]}}