{"id":19,"date":"2022-06-09T23:47:11","date_gmt":"2022-06-09T21:47:11","guid":{"rendered":"http:\/\/xn--lartducheminintrieur-p2b.com\/?page_id=19"},"modified":"2023-06-08T22:26:07","modified_gmt":"2023-06-08T20:26:07","slug":"contact","status":"publish","type":"page","link":"https:\/\/xn--lartducheminintrieur-p2b.com\/index.php\/contact\/","title":{"rendered":"Contact"},"content":{"rendered":"\n<p>Nous vous invitons \u00e0 laisser un commentaire ou \u00e0 nous \u00e9crire aux adresses mails suivantes : <\/p>\n\n\n\n<p><a href=\"http:\/\/evpellerin-psy-angers.com\">http:\/\/evpellerin-psy-angers.com<\/a>    <\/p>\n\n\n\n<p>http:\/\/latelierdulibreje.com<\/p>\n\n\n\n<p><\/p>\n","protected":false},"excerpt":{"rendered":"<p>Nous vous invitons \u00e0 laisser un commentaire ou \u00e0 nous \u00e9crire aux adresses mails suivantes : http:\/\/evpellerin-psy-angers.com http:\/\/latelierdulibreje.com<\/p>\n","protected":false},"author":1,"featured_media":0,"parent":0,"menu_order":0,"comment_status":"closed","ping_status":"closed","template":"","meta":{"footnotes":""},"class_list":["post-19","page","type-page","status-publish","hentry","entry"],"_links":{"self":[{"href":"https:\/\/xn--lartducheminintrieur-p2b.com\/index.php\/wp-json\/wp\/v2\/pages\/19","targetHints":{"allow":["GET"]}}],"collection":[{"href":"https:\/\/xn--lartducheminintrieur-p2b.com\/index.php\/wp-json\/wp\/v2\/pages"}],"about":[{"href":"https:\/\/xn--lartducheminintrieur-p2b.com\/index.php\/wp-json\/wp\/v2\/types\/page"}],"author":[{"embeddable":true,"href":"https:\/\/xn--lartducheminintrieur-p2b.com\/index.php\/wp-json\/wp\/v2\/users\/1"}],"replies":[{"embeddable":true,"href":"https:\/\/xn--lartducheminintrieur-p2b.com\/index.php\/wp-json\/wp\/v2\/comments?post=19"}],"version-history":[{"count":4,"href":"https:\/\/xn--lartducheminintrieur-p2b.com\/index.php\/wp-json\/wp\/v2\/pages\/19\/revisions"}],"predecessor-version":[{"id":265,"href":"https:\/\/xn--lartducheminintrieur-p2b.com\/index.php\/wp-json\/wp\/v2\/pages\/19\/revisions\/265"}],"wp:attachment":[{"href":"https:\/\/xn--lartducheminintrieur-p2b.com\/index.php\/wp-json\/wp\/v2\/media?parent=19"}],"curies":[{"name":"wp","href":"https:\/\/api.w.org\/{rel}","templated":true}]}}